{"id":217,"date":"2019-06-24T08:21:41","date_gmt":"2019-06-24T08:21:41","guid":{"rendered":"http:\/\/pending.chiwava.com\/?post_type=product&#038;p=217"},"modified":"2025-10-10T06:46:19","modified_gmt":"2025-10-10T06:46:19","slug":"dtl19033","status":"publish","type":"product","link":"https:\/\/www.chiwava.com\/de\/produkt\/dtl19033\/","title":{"rendered":"Chiwava 3er-Pack 5,7 Zoll Quietschendes Latex-Hundespielzeug Stehender Stockhund"},"content":{"rendered":"<p>Chiwava-Spielzeuge sind aus Naturlatex, UNGIFTIG. Die Spielzeugbeschichtung f\u00fchlt sich angenehm an und ist weich und leicht zu reinigen. Spielzeug kommt in einem Set aus drei Teilen mit lustigen s\u00fc\u00dfen Hundegesichtern. Spielzeug hat eine lange K\u00f6rperform und einen runden Bauch, da sich das Gummimaterial dehnen und ziehen kann, ohne es zu brechen, und einen kleinen Quietscher hat, der beim Dr\u00fccken ein Quietschger\u00e4usch erzeugt. Dieses Spielzeug eignet sich gut zum Spielen zu Hause und hat ein geringes Gewicht, sodass Sie es problemlos nach drau\u00dfen tragen k\u00f6nnen.<\/p>","protected":false},"excerpt":{"rendered":"<p><a href=\"https:\/\/www.chiwava.com\/de\/markenshop\/\"><img loading=\"lazy\" decoding=\"async\" class=\"alignnone size-medium wp-image-94\" src=\"https:\/\/www.chiwava.com\/wp-content\/uploads\/2019\/06\/Amazon-300x73.png\" alt=\"\" width=\"300\" height=\"73\" srcset=\"https:\/\/www.chiwava.com\/wp-content\/uploads\/2019\/06\/Amazon-300x73.png 300w, https:\/\/www.chiwava.com\/wp-content\/uploads\/2019\/06\/Amazon.png 364w\" sizes=\"auto, (max-width: 300px) 100vw, 300px\" \/><\/a><br \/>\nChiwava 3er-Pack 5,7 Zoll Quietschendes Latex-Hundespielzeug Stehender Stockhund Hundespielzeug Puppy Apportieren Interaktives Spiel f\u00fcr kleine Hunde<\/p>\n<hr \/>\n<p>\u2764 Hergestellt aus ungiftigem Latexkautschuk, Erkennungskriterium US FDA CFR 21 (Gummiartikel) \/ EU CE EN71 (Spielzeug)<\/p>\n<p>\u2764 Weich, Squeeze Squeak, keine F\u00fcllung<\/p>\n<p>\u2764 Interaktives Kauger\u00e4usch f\u00fcr Hunde und Apportieren im Freien<\/p>\n<p>\u2764 Drei verschiedene Hunde mit s\u00fc\u00dfen Gesichtern und lustigem Bauch. Lieferumfang: 3 St\u00fcck pro Netzbeutel; 1 St\u00fcck Gewicht: 39 g<\/p>\n<p>\u2764 Geeignet f\u00fcr kleine Hunde \u2013 weniger als 11 kg (24,25 lb) \u2026 <span class=\"more-button\"><a href=\"https:\/\/www.chiwava.com\/de\/produkt\/dtl19033\/\" class=\"more-link\">Fortsetzen<span class=\"screen-reader-text\">Chiwava 3er-Pack 5,7 Zoll Quietschendes Latex-Hundespielzeug Stehender Stockhund<\/span><\/a><\/span><\/p>","protected":false},"featured_media":1662,"template":"","meta":[],"product_brand":[],"product_cat":[16,286,15],"product_tag":[21,18,20],"class_list":{"0":"post-217","1":"product","2":"type-product","3":"status-publish","4":"has-post-thumbnail","6":"product_cat-dog_toys","7":"product_cat-latex-dog-toys","8":"product_cat-pet_toys","9":"product_tag-latex-dog-toys","10":"product_tag-small-dog-toys","11":"product_tag-squeaky-dog-toys","13":"first","14":"instock","15":"shipping-taxable","16":"product-type-simple"},"_links":{"self":[{"href":"https:\/\/www.chiwava.com\/de\/wp-json\/wp\/v2\/product\/217","targetHints":{"allow":["GET"]}}],"collection":[{"href":"https:\/\/www.chiwava.com\/de\/wp-json\/wp\/v2\/product"}],"about":[{"href":"https:\/\/www.chiwava.com\/de\/wp-json\/wp\/v2\/types\/product"}],"wp:featuredmedia":[{"embeddable":true,"href":"https:\/\/www.chiwava.com\/de\/wp-json\/wp\/v2\/media\/1662"}],"wp:attachment":[{"href":"https:\/\/www.chiwava.com\/de\/wp-json\/wp\/v2\/media?parent=217"}],"wp:term":[{"taxonomy":"product_brand","embeddable":true,"href":"https:\/\/www.chiwava.com\/de\/wp-json\/wp\/v2\/product_brand?post=217"},{"taxonomy":"product_cat","embeddable":true,"href":"https:\/\/www.chiwava.com\/de\/wp-json\/wp\/v2\/product_cat?post=217"},{"taxonomy":"product_tag","embeddable":true,"href":"https:\/\/www.chiwava.com\/de\/wp-json\/wp\/v2\/product_tag?post=217"}],"curies":[{"name":"wp","href":"https:\/\/api.w.org\/{rel}","templated":true}]}}