{"id":1714,"date":"2020-07-02T07:36:03","date_gmt":"2020-07-02T07:36:03","guid":{"rendered":"https:\/\/www.chiwava.com\/?post_type=product&#038;p=1714"},"modified":"2023-10-08T05:45:58","modified_gmt":"2023-10-08T05:45:58","slug":"ctb12001-12stuck","status":"publish","type":"product","link":"https:\/\/www.chiwava.com\/de\/produkt\/ctb12001-12stuck\/","title":{"rendered":"Chiwava 12 St\u00fcck 1,6 Zoll weicher Schaumstoff-Katzenspielzeugball"},"content":{"rendered":"<p>Chiwava Sport-Katzenspielzeugball aus Gummischaum f\u00fchlt sich weich an und wurde speziell f\u00fcr Aktivit\u00e4t, interaktives und leises Spielen entwickelt. Ihre Katze kann den Ball nachts leicht rollen und jagen, ohne Ger\u00e4usche zu machen, und h\u00e4lt Sie nicht die ganze Nacht wach. Die B\u00e4lle sind leicht und federnd, lassen sich leicht tragen, jagen und jagen, k\u00f6nnen beim Schlagen oder Treten in die Luft springen und werfen. Stimulieren Sie die nat\u00fcrlichen Spielinstinkte Ihrer Katze und bieten Sie ihnen stundenlangen Spa\u00df und Bewegung.<\/p>","protected":false},"excerpt":{"rendered":"<p><a href=\"https:\/\/www.chiwava.com\/de\/markenshop\/\"><img loading=\"lazy\" decoding=\"async\" class=\"alignnone size-medium wp-image-94\" src=\"https:\/\/www.chiwava.com\/wp-content\/uploads\/2019\/06\/Amazon-300x73.png\" alt=\"\" width=\"300\" height=\"73\" srcset=\"https:\/\/www.chiwava.com\/wp-content\/uploads\/2019\/06\/Amazon-300x73.png 300w, https:\/\/www.chiwava.com\/wp-content\/uploads\/2019\/06\/Amazon.png 364w\" sizes=\"auto, (max-width: 300px) 100vw, 300px\" \/><\/a><\/p>\n<p>Chiwava 12 St\u00fcck 1,6 Zoll weicher Schaum Katzenspielzeug Ball Schwamm Sportb\u00e4lle K\u00e4tzchen interaktives Spielzeug farblich sortiert<\/p>\n<hr \/>\n<p>\u2764 Hergestellt aus ungiftigem Weichschaum, Erkennungskriterium EU CE EN71 (Spielzeug).<\/p>\n<p>\u2764 Weich und leicht, einfach zu tragen oder in die Luft zu werfen.<\/p>\n<p>\u2764 Der leise ger\u00e4uschfreie Katzenball kann Ihren Schlaf nicht st\u00f6ren.<\/p>\n<p>\u2764 12 B\u00e4lle pro Packung, einschlie\u00dflich Basketball, Fu\u00dfball, Tennis und Golf.<\/p>\n<p>\u2764 Ideal f\u00fcr interaktives, \u00dcbungs-, Schlag-, Trainings- und Aktivit\u00e4tsspielzeug. Bieten Sie Spa\u00df und Unterhaltung f\u00fcr Katzen. \u2026 <span class=\"more-button\"><a href=\"https:\/\/www.chiwava.com\/de\/produkt\/ctb12001-12stuck\/\" class=\"more-link\">Fortsetzen<span class=\"screen-reader-text\">Chiwava 12 St\u00fcck 1,6 Zoll weicher Schaumstoff-Katzenspielzeugball<\/span><\/a><\/span><\/p>","protected":false},"featured_media":75850,"template":"","meta":[],"product_brand":[],"product_cat":[17,15],"product_tag":[63,42,32],"class_list":{"0":"post-1714","1":"product","2":"type-product","3":"status-publish","4":"has-post-thumbnail","6":"product_cat-cat_toys","7":"product_cat-pet_toys","8":"product_tag-cat-toys-ball","9":"product_tag-cat-toys-bulk","10":"product_tag-soft-cat-toys","12":"first","13":"instock","14":"shipping-taxable","15":"product-type-simple"},"_links":{"self":[{"href":"https:\/\/www.chiwava.com\/de\/wp-json\/wp\/v2\/product\/1714","targetHints":{"allow":["GET"]}}],"collection":[{"href":"https:\/\/www.chiwava.com\/de\/wp-json\/wp\/v2\/product"}],"about":[{"href":"https:\/\/www.chiwava.com\/de\/wp-json\/wp\/v2\/types\/product"}],"wp:featuredmedia":[{"embeddable":true,"href":"https:\/\/www.chiwava.com\/de\/wp-json\/wp\/v2\/media\/75850"}],"wp:attachment":[{"href":"https:\/\/www.chiwava.com\/de\/wp-json\/wp\/v2\/media?parent=1714"}],"wp:term":[{"taxonomy":"product_brand","embeddable":true,"href":"https:\/\/www.chiwava.com\/de\/wp-json\/wp\/v2\/product_brand?post=1714"},{"taxonomy":"product_cat","embeddable":true,"href":"https:\/\/www.chiwava.com\/de\/wp-json\/wp\/v2\/product_cat?post=1714"},{"taxonomy":"product_tag","embeddable":true,"href":"https:\/\/www.chiwava.com\/de\/wp-json\/wp\/v2\/product_tag?post=1714"}],"curies":[{"name":"wp","href":"https:\/\/api.w.org\/{rel}","templated":true}]}}