{"id":1704,"date":"2020-06-24T08:34:11","date_gmt":"2020-06-24T08:34:11","guid":{"rendered":"https:\/\/www.chiwava.com\/?post_type=product&#038;p=1704"},"modified":"2023-10-08T05:46:33","modified_gmt":"2023-10-08T05:46:33","slug":"ctm12003-2stuck","status":"publish","type":"product","link":"https:\/\/www.chiwava.com\/de\/produkt\/ctm12003-2stuck\/","title":{"rendered":"Chiwava 2er Pack Katzenminze Pl\u00fcsch Katzenspielzeug Maus mit Glocke"},"content":{"rendered":"<p>Dies ist das Erscheinungsbild von Lili, einem Pl\u00fcsch-Katzenspielzeug von Chiwava. Wir haben einen 5,9 Zoll (15 cm) gro\u00dfen K\u00f6rper f\u00fcr die M\u00e4use gemacht, den K\u00f6rper mit weichem Pl\u00fcsch ausgestopft und eine Tasche am Bauch gemacht, in der sich die Katzenminze frei entfernen l\u00e4sst. Dies ist eine Indoor-Katzenspielzeugmaus, die die Katze interaktiv oder in den Schlaf begleiten kann.<\/p>","protected":false},"excerpt":{"rendered":"<p><a href=\"https:\/\/www.chiwava.com\/de\/markenshop\/\"><img loading=\"lazy\" decoding=\"async\" class=\"alignnone size-medium wp-image-94\" src=\"https:\/\/www.chiwava.com\/wp-content\/uploads\/2019\/06\/Amazon-300x73.png\" alt=\"\" width=\"300\" height=\"73\" srcset=\"https:\/\/www.chiwava.com\/wp-content\/uploads\/2019\/06\/Amazon-300x73.png 300w, https:\/\/www.chiwava.com\/wp-content\/uploads\/2019\/06\/Amazon.png 364w\" sizes=\"auto, (max-width: 300px) 100vw, 300px\" \/><\/a><\/p>\n<p>Chiwava 2er Pack 5,9 Zoll Katzenminze Pl\u00fcsch Katzenspielzeug M\u00e4use mit Glocke Kleine Maus Aktivit\u00e4tsspielzeug<\/p>\n<hr \/>\n<p>\u2764 Hergestellt aus mit Baumwolle gef\u00fcllter Innenseite, weichem, pelzigem Pl\u00fcsch au\u00dfen.<br \/>\n\u2764 Enth\u00e4lt 100% nat\u00fcrliche Katzenminzenm\u00e4use, Erkennungskriterium EU CE EN71 (Spielzeug).<br \/>\n\u2764 Katzenminzen- und Glockendesign, kann herausgenommen oder hineingesteckt werden. Appelliert an die nat\u00fcrlichen Instinkte Ihrer Katze und zus\u00e4tzliche Aufregung.<br \/>\n\u2764 Die Ohren und F\u00fc\u00dfe des Spielzeugs haben Mylar-Papiere im Inneren, die Raschelger\u00e4usche abgeben k\u00f6nnen. Perfekte Gr\u00f6\u00dfe zum Schlagen und Tragen. Lustiges \u00dcbungs-Trainingsspiel.<br \/>\n\u2764 Paket: 2 Packungen \/ Beutel, ideal f\u00fcr interaktive Haushalte, Indoor- und Aktivit\u00e4tsspielzeug. \u2026 <span class=\"more-button\"><a href=\"https:\/\/www.chiwava.com\/de\/produkt\/ctm12003-2stuck\/\" class=\"more-link\">Fortsetzen<span class=\"screen-reader-text\">Chiwava 2er Pack Katzenminze Pl\u00fcsch Katzenspielzeug Maus mit Glocke<\/span><\/a><\/span><\/p>","protected":false},"featured_media":75931,"template":"","meta":[],"product_brand":[],"product_cat":[17,15],"product_tag":[25,45,53,60],"class_list":{"0":"post-1704","1":"product","2":"type-product","3":"status-publish","4":"has-post-thumbnail","6":"product_cat-cat_toys","7":"product_cat-pet_toys","8":"product_tag-cat-toys-mice","9":"product_tag-catnip-cat-toys-mice","10":"product_tag-plush-cat-toys","11":"product_tag-remove-term-cat-toy-with-bell-cat-toy-with-bell","13":"first","14":"instock","15":"shipping-taxable","16":"product-type-simple"},"_links":{"self":[{"href":"https:\/\/www.chiwava.com\/de\/wp-json\/wp\/v2\/product\/1704","targetHints":{"allow":["GET"]}}],"collection":[{"href":"https:\/\/www.chiwava.com\/de\/wp-json\/wp\/v2\/product"}],"about":[{"href":"https:\/\/www.chiwava.com\/de\/wp-json\/wp\/v2\/types\/product"}],"wp:featuredmedia":[{"embeddable":true,"href":"https:\/\/www.chiwava.com\/de\/wp-json\/wp\/v2\/media\/75931"}],"wp:attachment":[{"href":"https:\/\/www.chiwava.com\/de\/wp-json\/wp\/v2\/media?parent=1704"}],"wp:term":[{"taxonomy":"product_brand","embeddable":true,"href":"https:\/\/www.chiwava.com\/de\/wp-json\/wp\/v2\/product_brand?post=1704"},{"taxonomy":"product_cat","embeddable":true,"href":"https:\/\/www.chiwava.com\/de\/wp-json\/wp\/v2\/product_cat?post=1704"},{"taxonomy":"product_tag","embeddable":true,"href":"https:\/\/www.chiwava.com\/de\/wp-json\/wp\/v2\/product_tag?post=1704"}],"curies":[{"name":"wp","href":"https:\/\/api.w.org\/{rel}","templated":true}]}}