{"id":1703,"date":"2020-06-24T08:32:04","date_gmt":"2020-06-24T08:32:04","guid":{"rendered":"https:\/\/www.chiwava.com\/?post_type=product&#038;p=1703"},"modified":"2025-10-10T06:46:15","modified_gmt":"2025-10-10T06:46:15","slug":"dtl19041-2stuck","status":"publish","type":"product","link":"https:\/\/www.chiwava.com\/de\/produkt\/dtl19041-2stuck\/","title":{"rendered":"Chiwava 2er-Pack Lustige quietschende Latex-Hundespielzeuge Gelbe Ente"},"content":{"rendered":"<p>Das gelbe Hundespielzeug Ente wurde von LILI entworfen und von CHIWAVA hergestellt. Hergestellt aus ungiftigem Naturlatex. Die mit Pl\u00fcsch gef\u00fcllte Spielzeugbeschichtung f\u00fchlt sich angenehm an und ist weich und leicht zu reinigen. Haben Sie einen kleinen Quietscher, der beim Dr\u00fccken ein attraktives Ger\u00e4usch macht. Gro\u00dfartig, um Ihre Haustiere zu unterhalten. Sie werden sich lange auf dieses Spielzeug konzentrieren und besch\u00e4ftigt bleiben, sodass Sie ihre Aufmerksamkeit von Ihren M\u00f6beln und Schuhen ablenken k\u00f6nnen.<\/p>","protected":false},"excerpt":{"rendered":"<p><a href=\"https:\/\/www.chiwava.com\/de\/markenshop\/\"><img loading=\"lazy\" decoding=\"async\" class=\"alignnone size-medium wp-image-94\" src=\"https:\/\/www.chiwava.com\/wp-content\/uploads\/2019\/06\/Amazon-300x73.png\" alt=\"\" width=\"300\" height=\"73\" srcset=\"https:\/\/www.chiwava.com\/wp-content\/uploads\/2019\/06\/Amazon-300x73.png 300w, https:\/\/www.chiwava.com\/wp-content\/uploads\/2019\/06\/Amazon.png 364w\" sizes=\"auto, (max-width: 300px) 100vw, 300px\" \/><\/a><\/p>\n<p>Chiwava 2er-Pack 7,9-Zoll-Quietsch-Latex-Hundespielzeug, gelbe Ente, interaktives Spiel f\u00fcr kleine, mittelgro\u00dfe Hunde<\/p>\n<hr \/>\n<p>\u2764 Hergestellt aus ungiftigem Latexkautschuk, Erkennungskriterium EU CE EN71 (Spielzeug).<br \/>\n\u2764 Machen Sie beim Dr\u00fccken ein quietschendes Ger\u00e4usch, lustiges Entendesign, mit Pl\u00fcsch gef\u00fcllt.<br \/>\n\u2764 Perfekt f\u00fcr Training, Bindung, Stressabbau.<br \/>\n\u2764 Interaktives und Indoor-Apportierspielzeug f\u00fcr den Au\u00dfenbereich. Lieferumfang: 2 Packungen \/ Box.<br \/>\n\u2764 Geeignet f\u00fcr kleine und mittelgro\u00dfe Hunde \u2013 4 ~ 30 kg (9 ~ 66 lb). \u2026 <span class=\"more-button\"><a href=\"https:\/\/www.chiwava.com\/de\/produkt\/dtl19041-2stuck\/\" class=\"more-link\">Fortsetzen<span class=\"screen-reader-text\">Chiwava 2er-Pack Lustige quietschende Latex-Hundespielzeuge Gelbe Ente<\/span><\/a><\/span><\/p>","protected":false},"featured_media":75555,"template":"","meta":[],"product_brand":[],"product_cat":[16,286,15],"product_tag":[38,21,51],"class_list":{"0":"post-1703","1":"product","2":"type-product","3":"status-publish","4":"has-post-thumbnail","6":"product_cat-dog_toys","7":"product_cat-latex-dog-toys","8":"product_cat-pet_toys","9":"product_tag-duck-dog-toys","10":"product_tag-latex-dog-toys","11":"product_tag-squeaky-dog-toy","13":"first","14":"instock","15":"shipping-taxable","16":"product-type-simple"},"_links":{"self":[{"href":"https:\/\/www.chiwava.com\/de\/wp-json\/wp\/v2\/product\/1703","targetHints":{"allow":["GET"]}}],"collection":[{"href":"https:\/\/www.chiwava.com\/de\/wp-json\/wp\/v2\/product"}],"about":[{"href":"https:\/\/www.chiwava.com\/de\/wp-json\/wp\/v2\/types\/product"}],"wp:featuredmedia":[{"embeddable":true,"href":"https:\/\/www.chiwava.com\/de\/wp-json\/wp\/v2\/media\/75555"}],"wp:attachment":[{"href":"https:\/\/www.chiwava.com\/de\/wp-json\/wp\/v2\/media?parent=1703"}],"wp:term":[{"taxonomy":"product_brand","embeddable":true,"href":"https:\/\/www.chiwava.com\/de\/wp-json\/wp\/v2\/product_brand?post=1703"},{"taxonomy":"product_cat","embeddable":true,"href":"https:\/\/www.chiwava.com\/de\/wp-json\/wp\/v2\/product_cat?post=1703"},{"taxonomy":"product_tag","embeddable":true,"href":"https:\/\/www.chiwava.com\/de\/wp-json\/wp\/v2\/product_tag?post=1703"}],"curies":[{"name":"wp","href":"https:\/\/api.w.org\/{rel}","templated":true}]}}