{"id":164,"date":"2019-06-24T08:14:20","date_gmt":"2019-06-24T08:14:20","guid":{"rendered":"http:\/\/pending.chiwava.com\/?post_type=product&#038;p=164"},"modified":"2025-10-10T06:46:20","modified_gmt":"2025-10-10T06:46:20","slug":"dtl17031-3stuck","status":"publish","type":"product","link":"https:\/\/www.chiwava.com\/de\/produkt\/dtl17031-3stuck\/","title":{"rendered":"Chiwava 3 Pack 9 Zoll Quietschendes Latex-Hundespielzeug Stehendes Stocktier"},"content":{"rendered":"<p>Chiwava-Spielzeuge sind aus Latex, ungiftig. Die Spielzeugbeschichtung f\u00fchlt sich angenehm an und ist weich und leicht zu reinigen. Das Spielzeug ist in 3 leuchtenden Farben (pink, orange und gr\u00fcn) mit lustigen niedlichen Tiergesichtern (Schweinchen, Huhn und Frosch) erh\u00e4ltlich. Spielzeug hat eine lange K\u00f6rperform und kann sich aufgrund des Gummimaterials dehnen und ziehen, ohne es zu brechen, hat einen kleinen Quietscher, der beim Dr\u00fccken einen hohen Ton macht.<\/p>","protected":false},"excerpt":{"rendered":"<p><a href=\"https:\/\/www.chiwava.com\/de\/markenshop\/\"><img loading=\"lazy\" decoding=\"async\" class=\"alignnone size-medium wp-image-94\" src=\"https:\/\/www.chiwava.com\/wp-content\/uploads\/2019\/06\/Amazon-300x73.png\" alt=\"\" width=\"300\" height=\"73\" srcset=\"https:\/\/www.chiwava.com\/wp-content\/uploads\/2019\/06\/Amazon-300x73.png 300w, https:\/\/www.chiwava.com\/wp-content\/uploads\/2019\/06\/Amazon.png 364w\" sizes=\"auto, (max-width: 300px) 100vw, 300px\" \/><\/a><br \/>\nChiwava 3er-Pack 9 Zoll quietschendes Latex-Hundespielzeug mit Stehstock, Tier-Welpen-Apportierspiel, interaktives Spiel f\u00fcr kleine und mittelgro\u00dfe Hunde<\/p>\n<hr \/>\n<p>\u2764 Hergestellt aus ungiftigem Latexkautschuk, Erkennungskriterium US FDA CFR 21 (Gummiartikel) \/ EU CE EN71 (Spielzeug)<\/p>\n<p>\u2764 Weich, Squeeze Squeak, keine F\u00fcllung<\/p>\n<p>\u2764 Interaktives Kauger\u00e4usch f\u00fcr Hunde und Apportieren im Freien<\/p>\n<p>\u2764 3er-Pack \u2013 Lustiger Schweinentenfrosch mit langem K\u00f6rper<\/p>\n<p>\u2764 Geeignet f\u00fcr kleine und mittelgro\u00dfe Hunde \u2013 4~30kg(8.8~66lb) \u2026 <span class=\"more-button\"><a href=\"https:\/\/www.chiwava.com\/de\/produkt\/dtl17031-3stuck\/\" class=\"more-link\">Fortsetzen<span class=\"screen-reader-text\">Chiwava 3 Pack 9 Zoll Quietschendes Latex-Hundespielzeug Stehendes Stocktier<\/span><\/a><\/span><\/p>","protected":false},"featured_media":1652,"template":"","meta":[],"product_brand":[],"product_cat":[16,286,15],"product_tag":[21,26,18,20],"class_list":{"0":"post-164","1":"product","2":"type-product","3":"status-publish","4":"has-post-thumbnail","6":"product_cat-dog_toys","7":"product_cat-latex-dog-toys","8":"product_cat-pet_toys","9":"product_tag-latex-dog-toys","10":"product_tag-medium-dog-toys","11":"product_tag-small-dog-toys","12":"product_tag-squeaky-dog-toys","14":"first","15":"instock","16":"shipping-taxable","17":"product-type-simple"},"_links":{"self":[{"href":"https:\/\/www.chiwava.com\/de\/wp-json\/wp\/v2\/product\/164","targetHints":{"allow":["GET"]}}],"collection":[{"href":"https:\/\/www.chiwava.com\/de\/wp-json\/wp\/v2\/product"}],"about":[{"href":"https:\/\/www.chiwava.com\/de\/wp-json\/wp\/v2\/types\/product"}],"wp:featuredmedia":[{"embeddable":true,"href":"https:\/\/www.chiwava.com\/de\/wp-json\/wp\/v2\/media\/1652"}],"wp:attachment":[{"href":"https:\/\/www.chiwava.com\/de\/wp-json\/wp\/v2\/media?parent=164"}],"wp:term":[{"taxonomy":"product_brand","embeddable":true,"href":"https:\/\/www.chiwava.com\/de\/wp-json\/wp\/v2\/product_brand?post=164"},{"taxonomy":"product_cat","embeddable":true,"href":"https:\/\/www.chiwava.com\/de\/wp-json\/wp\/v2\/product_cat?post=164"},{"taxonomy":"product_tag","embeddable":true,"href":"https:\/\/www.chiwava.com\/de\/wp-json\/wp\/v2\/product_tag?post=164"}],"curies":[{"name":"wp","href":"https:\/\/api.w.org\/{rel}","templated":true}]}}