{"id":1449,"date":"2020-04-28T04:01:12","date_gmt":"2020-04-28T04:01:12","guid":{"rendered":"https:\/\/www.chiwava.com\/?post_type=product&#038;p=1449"},"modified":"2025-10-10T06:46:16","modified_gmt":"2025-10-10T06:46:16","slug":"dtl19039-2stuck","status":"publish","type":"product","link":"https:\/\/www.chiwava.com\/de\/produkt\/dtl19039-2stuck\/","title":{"rendered":"Chiwava 2er Pack Grunt Pig Hundespielzeug"},"content":{"rendered":"<p>Dies ist das Latex-Hundespielzeug von Chiwava, das Aussehen von Lili Design. Hergestellt aus nat\u00fcrlichem, ungiftigem Latex. Mit Pl\u00fcschf\u00fcllung im Inneren und Grunrohr. Buntes Tupfendesign, kann aufgrund der K\u00f6rperform und des Gummimaterials etwas federnd sein. Jedes Spielzeug kann beim Dr\u00fccken grunzen und echten Schweinelaut imitieren. Diese Spielzeuge eignen sich gut zum Spielen im Innen- und Au\u00dfenbereich. Sie k\u00f6nnen Apportieren spielen oder einfach f\u00fcr Ihren Hund zum unabh\u00e4ngigen Spielen gehen. Ihr Hund kann es kauen und dr\u00fccken, kann den ganzen Tag besch\u00e4ftigt und gl\u00fccklich sein.<\/p>","protected":false},"excerpt":{"rendered":"<p><a href=\"https:\/\/www.chiwava.com\/de\/markenshop\/\"><img loading=\"lazy\" decoding=\"async\" class=\"alignnone size-medium wp-image-94\" src=\"https:\/\/www.chiwava.com\/wp-content\/uploads\/2019\/06\/Amazon-300x73.png\" alt=\"\" width=\"300\" height=\"73\" srcset=\"https:\/\/www.chiwava.com\/wp-content\/uploads\/2019\/06\/Amazon-300x73.png 300w, https:\/\/www.chiwava.com\/wp-content\/uploads\/2019\/06\/Amazon.png 364w\" sizes=\"auto, (max-width: 300px) 100vw, 300px\" \/><\/a><\/p>\n<p>Chiwava 2er-Pack 6-Zoll-Polka Dot Pig Hundespielzeug f\u00fcr mittelgro\u00dfe Latex-Gummiw\u00fcrfel Squeeze Grunting Sound Play Verschiedene Farben<\/p>\n<hr \/>\n<p>\u2764 Hergestellt aus ungiftigem Latexkautschuk, Erkennungskriterium EU CE EN71 (Spielzeug).<br \/>\n\u2764 Machen Sie GRUNT-Sound, wenn Sie zusammengedr\u00fcckt werden, Polka Dot Colors Design, Pl\u00fcsch gef\u00fcllt.<br \/>\n\u2764 Kann Ihr Haustier trainieren, Spielzeug trainieren und es besch\u00e4ftigen.<br \/>\n\u2764 Interaktives und Outdoor Indoor Apportierspielzeug, 2 St\u00fcck pro Set.<br \/>\n\u2764Geeignet f\u00fcr mittelgro\u00dfe Hunde \u2013 10~30 kg (22~66lb). \u2026 <span class=\"more-button\"><a href=\"https:\/\/www.chiwava.com\/de\/produkt\/dtl19039-2stuck\/\" class=\"more-link\">Fortsetzen<span class=\"screen-reader-text\">Chiwava 2er Pack Grunt Pig Hundespielzeug<\/span><\/a><\/span><\/p>","protected":false},"featured_media":76814,"template":"","meta":[],"product_brand":[],"product_cat":[16,286,15],"product_tag":[21,56,27],"class_list":{"0":"post-1449","1":"product","2":"type-product","3":"status-publish","4":"has-post-thumbnail","6":"product_cat-dog_toys","7":"product_cat-latex-dog-toys","8":"product_cat-pet_toys","9":"product_tag-latex-dog-toys","10":"product_tag-original-animal-sound","11":"product_tag-pig-dog-toys","13":"first","14":"instock","15":"shipping-taxable","16":"product-type-simple"},"_links":{"self":[{"href":"https:\/\/www.chiwava.com\/de\/wp-json\/wp\/v2\/product\/1449","targetHints":{"allow":["GET"]}}],"collection":[{"href":"https:\/\/www.chiwava.com\/de\/wp-json\/wp\/v2\/product"}],"about":[{"href":"https:\/\/www.chiwava.com\/de\/wp-json\/wp\/v2\/types\/product"}],"wp:featuredmedia":[{"embeddable":true,"href":"https:\/\/www.chiwava.com\/de\/wp-json\/wp\/v2\/media\/76814"}],"wp:attachment":[{"href":"https:\/\/www.chiwava.com\/de\/wp-json\/wp\/v2\/media?parent=1449"}],"wp:term":[{"taxonomy":"product_brand","embeddable":true,"href":"https:\/\/www.chiwava.com\/de\/wp-json\/wp\/v2\/product_brand?post=1449"},{"taxonomy":"product_cat","embeddable":true,"href":"https:\/\/www.chiwava.com\/de\/wp-json\/wp\/v2\/product_cat?post=1449"},{"taxonomy":"product_tag","embeddable":true,"href":"https:\/\/www.chiwava.com\/de\/wp-json\/wp\/v2\/product_tag?post=1449"}],"curies":[{"name":"wp","href":"https:\/\/api.w.org\/{rel}","templated":true}]}}