{"id":1447,"date":"2020-04-28T03:53:48","date_gmt":"2020-04-28T03:53:48","guid":{"rendered":"https:\/\/www.chiwava.com\/?post_type=product&#038;p=1447"},"modified":"2025-10-10T06:46:17","modified_gmt":"2025-10-10T06:46:17","slug":"dtl19038","status":"publish","type":"product","link":"https:\/\/www.chiwava.com\/de\/produkt\/dtl19038\/","title":{"rendered":"Chiwava 3 Pack 2,6 Zoll quietschende Latexspielzeuge s\u00fc\u00dfe Tiergesichter"},"content":{"rendered":"<p>Dies ist das Latex-Hundespielzeug von Chiwava, das Aussehen von Lili Design. Hergestellt aus nat\u00fcrlichem, ungiftigem Latex. Keine F\u00fcllung. Weich und leicht zu reinigen (mit Quietscher im Inneren). Kann quietschen, wenn Sie es dr\u00fccken. Diese Spielzeuge eignen sich gut zum Spielen drau\u00dfen und zu Hause und k\u00f6nnen leicht drau\u00dfen getragen werden. Sie k\u00f6nnen es so weit wie m\u00f6glich holen und werfen. Ihr Hund kann es kauen und dr\u00fccken und besch\u00e4ftigt sein und den ganzen Tag gl\u00fccklich. Damit Sie ihre Aufmerksamkeit von Ihren M\u00f6beln ablenken k\u00f6nnen.<\/p>","protected":false},"excerpt":{"rendered":"<p><a href=\"https:\/\/www.chiwava.com\/de\/markenshop\/\"><img loading=\"lazy\" decoding=\"async\" class=\"alignnone size-medium wp-image-94\" src=\"https:\/\/www.chiwava.com\/wp-content\/uploads\/2019\/06\/Amazon-300x73.png\" alt=\"\" width=\"300\" height=\"73\" srcset=\"https:\/\/www.chiwava.com\/wp-content\/uploads\/2019\/06\/Amazon-300x73.png 300w, https:\/\/www.chiwava.com\/wp-content\/uploads\/2019\/06\/Amazon.png 364w\" sizes=\"auto, (max-width: 300px) 100vw, 300px\" \/><\/a><br \/>\nChiwava 3er-Pack 2,6-Zoll-Quietsch-Latex-Hundespielzeug, niedliches Tiergesicht, interaktives Spiel f\u00fcr kleine Hunde, verschiedene Farben<\/p>\n<hr \/>\n<p>\u2764 Hergestellt aus ungiftigem Latexkautschuk, Erkennungskriterium EU CE EN71 (Spielzeug).<\/p>\n<p>\u2764 Weich, Squeeze Squeak, lustiger Tiergesichtsball, keine F\u00fcllung.<\/p>\n<p>\u2764 Ideal zum Holen im Hof, zu Hause, im Park oder am Ufer, ermutigen Sie Haustiere zum Springen und Jagen, halten Sie sie besch\u00e4ftigt.<\/p>\n<p>\u2764 Interaktives Kauger\u00e4usch f\u00fcr Hunde, enth\u00e4lt blauen B\u00e4ren, rosa Schwein, braunes Huhn.<\/p>\n<p>\u2764 Geeignet f\u00fcr kleine Hunde \u2013 weniger als 11 kg (24,25 lb) \u2026 <span class=\"more-button\"><a href=\"https:\/\/www.chiwava.com\/de\/produkt\/dtl19038\/\" class=\"more-link\">Fortsetzen<span class=\"screen-reader-text\">Chiwava 3 Pack 2,6 Zoll quietschende Latexspielzeuge s\u00fc\u00dfe Tiergesichter<\/span><\/a><\/span><\/p>","protected":false},"featured_media":77000,"template":"","meta":[],"product_brand":[],"product_cat":[16,286,15],"product_tag":[21,18,20],"class_list":{"0":"post-1447","1":"product","2":"type-product","3":"status-publish","4":"has-post-thumbnail","6":"product_cat-dog_toys","7":"product_cat-latex-dog-toys","8":"product_cat-pet_toys","9":"product_tag-latex-dog-toys","10":"product_tag-small-dog-toys","11":"product_tag-squeaky-dog-toys","13":"first","14":"instock","15":"shipping-taxable","16":"product-type-simple"},"_links":{"self":[{"href":"https:\/\/www.chiwava.com\/de\/wp-json\/wp\/v2\/product\/1447","targetHints":{"allow":["GET"]}}],"collection":[{"href":"https:\/\/www.chiwava.com\/de\/wp-json\/wp\/v2\/product"}],"about":[{"href":"https:\/\/www.chiwava.com\/de\/wp-json\/wp\/v2\/types\/product"}],"wp:featuredmedia":[{"embeddable":true,"href":"https:\/\/www.chiwava.com\/de\/wp-json\/wp\/v2\/media\/77000"}],"wp:attachment":[{"href":"https:\/\/www.chiwava.com\/de\/wp-json\/wp\/v2\/media?parent=1447"}],"wp:term":[{"taxonomy":"product_brand","embeddable":true,"href":"https:\/\/www.chiwava.com\/de\/wp-json\/wp\/v2\/product_brand?post=1447"},{"taxonomy":"product_cat","embeddable":true,"href":"https:\/\/www.chiwava.com\/de\/wp-json\/wp\/v2\/product_cat?post=1447"},{"taxonomy":"product_tag","embeddable":true,"href":"https:\/\/www.chiwava.com\/de\/wp-json\/wp\/v2\/product_tag?post=1447"}],"curies":[{"name":"wp","href":"https:\/\/api.w.org\/{rel}","templated":true}]}}