{"id":1439,"date":"2020-04-28T03:06:55","date_gmt":"2020-04-28T03:06:55","guid":{"rendered":"https:\/\/www.chiwava.com\/?post_type=product&#038;p=1439"},"modified":"2026-02-06T08:27:16","modified_gmt":"2026-02-06T08:27:16","slug":"ctm00120-36stuck","status":"publish","type":"product","link":"https:\/\/www.chiwava.com\/de\/produkt\/ctm00120-36stuck\/","title":{"rendered":"Chiwava 36 ST\u00dcCKE 4,1 Zoll Pelzige Katzenspielzeug M\u00e4use Rassel Kleine Maus"},"content":{"rendered":"<p>Schachtel mit 36 bunt sortierten M\u00e4usen. Ja, es scheint zu viele zu sein, aber in Wirklichkeit ist dies ein tolles Angebot f\u00fcr diejenigen, die es leid sind, jede Woche M\u00e4use zu kaufen und zu versuchen, sie unter dem Sofa zu finden, nachdem Ihr kleiner J\u00e4ger seine Troph\u00e4e versteckt hat. Sie k\u00f6nnen sich die Aufregung vorstellen, die sich jedes Mal in ihnen aufbaut, wenn Sie dieses Spielzeug f\u00fcr Ihre Katze zum Spielen bringen. Das realistische Design unserer M\u00e4use ist so gestaltet, dass es den inneren J\u00e4gerinstinkt Ihres pelzigen Freundes anregt. Diese M\u00e4use aus strapazierf\u00e4higem, aber leichtem Kunststoff, k\u00f6rperbedecktes Kunstfell, einige von ihnen haben Perlen im Inneren und erzeugen ein Rasselger\u00e4usch, das f\u00fcr Ihre Katze interessanter und attraktiver sein kann. Kann f\u00fcr unabh\u00e4ngiges Indoor-Spiel, interaktives Spiel oder Fangspiel verwendet werden.<\/p>","protected":false},"excerpt":{"rendered":"<p><img loading=\"lazy\" decoding=\"async\" class=\"alignnone size-medium wp-image-94\" src=\"https:\/\/www.chiwava.com\/wp-content\/uploads\/2019\/06\/Amazon-300x73.png\" alt=\"\" width=\"300\" height=\"73\" srcset=\"https:\/\/www.chiwava.com\/wp-content\/uploads\/2019\/06\/Amazon-300x73.png 300w, https:\/\/www.chiwava.com\/wp-content\/uploads\/2019\/06\/Amazon.png 364w\" sizes=\"auto, (max-width: 300px) 100vw, 300px\" \/><br \/>\n<strong>Chiwava 36 ST\u00dcCKE 4,1 Zoll Pelziges Katzenspielzeug M\u00e4use Rassel Kleine Maus K\u00e4tzchen Interaktives Spiel Verschiedene Farben<\/strong><\/p>\n<hr \/>\n<p>\u2764 Qualifiziertes pelziges Kunstfell, Nachweiskriterium US FDA 21CFR (Olefinpolymere) \/ EU CE EN-71 (Pl\u00fcschtiere)<\/p>\n<p>\u2764 Pelzige Kunstpelz-M\u00e4usehaut und Plastikk\u00f6rper-Rasselger\u00e4usch<\/p>\n<p>\u2764 Interaktives Spiel, unabh\u00e4ngiges Spiel, Indoor-Spiel<\/p>\n<p>\u2764 36 St\u00fcck \/ Box, farblich sortiert, kleine Gr\u00f6\u00dfe<\/p>\n<p>\u2764 Geeignet f\u00fcr Katzenkinder und erwachsene Katzen \u2026 <span class=\"more-button\"><a href=\"https:\/\/www.chiwava.com\/de\/produkt\/ctm00120-36stuck\/\" class=\"more-link\">Fortsetzen<span class=\"screen-reader-text\">Chiwava 36 ST\u00dcCKE 4,1 Zoll Pelzige Katzenspielzeug M\u00e4use Rassel Kleine Maus<\/span><\/a><\/span><\/p>","protected":false},"featured_media":76958,"template":"","meta":[],"product_brand":[],"product_cat":[17,15],"product_tag":[42,25,43,41],"class_list":{"0":"post-1439","1":"product","2":"type-product","3":"status-publish","4":"has-post-thumbnail","6":"product_cat-cat_toys","7":"product_cat-pet_toys","8":"product_tag-cat-toys-bulk","9":"product_tag-cat-toys-mice","10":"product_tag-fur-cat-mice","11":"product_tag-rattle-cat-toys","13":"first","14":"instock","15":"shipping-taxable","16":"product-type-simple"},"_links":{"self":[{"href":"https:\/\/www.chiwava.com\/de\/wp-json\/wp\/v2\/product\/1439","targetHints":{"allow":["GET"]}}],"collection":[{"href":"https:\/\/www.chiwava.com\/de\/wp-json\/wp\/v2\/product"}],"about":[{"href":"https:\/\/www.chiwava.com\/de\/wp-json\/wp\/v2\/types\/product"}],"wp:featuredmedia":[{"embeddable":true,"href":"https:\/\/www.chiwava.com\/de\/wp-json\/wp\/v2\/media\/76958"}],"wp:attachment":[{"href":"https:\/\/www.chiwava.com\/de\/wp-json\/wp\/v2\/media?parent=1439"}],"wp:term":[{"taxonomy":"product_brand","embeddable":true,"href":"https:\/\/www.chiwava.com\/de\/wp-json\/wp\/v2\/product_brand?post=1439"},{"taxonomy":"product_cat","embeddable":true,"href":"https:\/\/www.chiwava.com\/de\/wp-json\/wp\/v2\/product_cat?post=1439"},{"taxonomy":"product_tag","embeddable":true,"href":"https:\/\/www.chiwava.com\/de\/wp-json\/wp\/v2\/product_tag?post=1439"}],"curies":[{"name":"wp","href":"https:\/\/api.w.org\/{rel}","templated":true}]}}