{"id":114,"date":"2019-06-24T08:03:49","date_gmt":"2019-06-24T08:03:49","guid":{"rendered":"http:\/\/pending.chiwava.com\/?post_type=product&#038;p=114"},"modified":"2025-11-21T03:37:49","modified_gmt":"2025-11-21T03:37:49","slug":"dtl00027","status":"publish","type":"product","link":"https:\/\/www.chiwava.com\/de\/produkt\/dtl00027\/","title":{"rendered":"Chiwava 3 Pack 2,7 Zoll quietschende Latex-Gummi-Hundespielzeugb\u00e4lle"},"content":{"rendered":"<p>Chiwava sortierte B\u00e4lle sind aus Naturlatex hergestellt. UNGIFTIG. Die Spielzeugbeschichtung f\u00fchlt sich angenehm an und ist weich, keine F\u00fcllung im Inneren. Einfach zu s\u00e4ubern. Aufgrund der runden Form und des Gummimaterials sind diese Spielzeuge ein wenig federnd. Jedes Spielzeug hat einen kleinen Quietscher, der beim Dr\u00fccken einen attraktiven hohen Ton erzeugt. Diese Spielzeuge eignen sich gut zum Spielen im Freien und zu Hause und sind leicht, sodass Sie sie problemlos im Freien tragen k\u00f6nnen.<\/p>","protected":false},"excerpt":{"rendered":"<p><a href=\"https:\/\/www.chiwava.com\/de\/markenshop\/\"><img loading=\"lazy\" decoding=\"async\" class=\"alignnone size-medium wp-image-94\" src=\"https:\/\/www.chiwava.com\/wp-content\/uploads\/2019\/06\/Amazon-300x73.png\" alt=\"\" width=\"300\" height=\"73\" srcset=\"https:\/\/www.chiwava.com\/wp-content\/uploads\/2019\/06\/Amazon-300x73.png 300w, https:\/\/www.chiwava.com\/wp-content\/uploads\/2019\/06\/Amazon.png 364w\" sizes=\"auto, (max-width: 300px) 100vw, 300px\" \/><\/a><br \/>\nChiwava 3er-Pack 7,1 cm quietschende Latex-Gummi-Hundespielzeugb\u00e4lle f\u00fcr kleine mittelgro\u00dfe Hunde Interaktives Kauger\u00e4usch Apportieren<\/p>\n<hr \/>\n<p>\u2764 Hergestellt aus ungiftigem Latexkautschuk, Erkennungskriterium US FDA CFR 21 (Gummiartikel) \/ EU CE EN71 (Spielzeug)<\/p>\n<p>\u2764 Soft Squeeze Squeak, h\u00fcpfender Fu\u00dfball, keine F\u00fcllung<\/p>\n<p>\u2764 Interaktives Kauger\u00e4usch f\u00fcr Hunde und Apportieren im Freien<\/p>\n<p>\u2764 Diameter: 7cm\/2.7&#8243; Weight: 30g \/PC 3PCS Weight:90g<\/p>\n<p>\u2764 Geeignet f\u00fcr mittelgro\u00dfe Hunde \u2013 11 ~ 30 kg (24 ~ 66 lb) \u2026 <span class=\"more-button\"><a href=\"https:\/\/www.chiwava.com\/de\/produkt\/dtl00027\/\" class=\"more-link\">Fortsetzen<span class=\"screen-reader-text\">Chiwava 3 Pack 2,7 Zoll quietschende Latex-Gummi-Hundespielzeugb\u00e4lle<\/span><\/a><\/span><\/p>","protected":false},"featured_media":1436,"template":"","meta":[],"product_brand":[],"product_cat":[16,286,15],"product_tag":[19,21,26,20],"class_list":{"0":"post-114","1":"product","2":"type-product","3":"status-publish","4":"has-post-thumbnail","6":"product_cat-dog_toys","7":"product_cat-latex-dog-toys","8":"product_cat-pet_toys","9":"product_tag-dog-toy-balls","10":"product_tag-latex-dog-toys","11":"product_tag-medium-dog-toys","12":"product_tag-squeaky-dog-toys","14":"first","15":"instock","16":"shipping-taxable","17":"product-type-simple"},"_links":{"self":[{"href":"https:\/\/www.chiwava.com\/de\/wp-json\/wp\/v2\/product\/114","targetHints":{"allow":["GET"]}}],"collection":[{"href":"https:\/\/www.chiwava.com\/de\/wp-json\/wp\/v2\/product"}],"about":[{"href":"https:\/\/www.chiwava.com\/de\/wp-json\/wp\/v2\/types\/product"}],"wp:featuredmedia":[{"embeddable":true,"href":"https:\/\/www.chiwava.com\/de\/wp-json\/wp\/v2\/media\/1436"}],"wp:attachment":[{"href":"https:\/\/www.chiwava.com\/de\/wp-json\/wp\/v2\/media?parent=114"}],"wp:term":[{"taxonomy":"product_brand","embeddable":true,"href":"https:\/\/www.chiwava.com\/de\/wp-json\/wp\/v2\/product_brand?post=114"},{"taxonomy":"product_cat","embeddable":true,"href":"https:\/\/www.chiwava.com\/de\/wp-json\/wp\/v2\/product_cat?post=114"},{"taxonomy":"product_tag","embeddable":true,"href":"https:\/\/www.chiwava.com\/de\/wp-json\/wp\/v2\/product_tag?post=114"}],"curies":[{"name":"wp","href":"https:\/\/api.w.org\/{rel}","templated":true}]}}