{"id":104,"date":"2019-06-24T07:59:27","date_gmt":"2019-06-24T07:59:27","guid":{"rendered":"http:\/\/pending.chiwava.com\/?post_type=product&#038;p=104"},"modified":"2025-10-10T06:46:40","modified_gmt":"2025-10-10T06:46:40","slug":"dtl00019-yb-2pcs","status":"publish","type":"product","link":"https:\/\/www.chiwava.com\/de\/produkt\/dtl00019-yb-2pcs\/","title":{"rendered":"Chiwava 2er-Pack 6,5 Zoll mittelgro\u00dfes Schweine-Hundespielzeug"},"content":{"rendered":"<div id=\"featurebullets_feature_div\" class=\"feature\" data-feature-name=\"featurebullets\" data-cel-widget=\"featurebullets_feature_div\">\n<div id=\"feature-bullets\" class=\"a-section a-spacing-medium a-spacing-top-small\">\n<p>Chiwava-Grunzschwein-Hundespielzeuge sind aus Naturlatex, UNGIFTIG, die Beschichtung f\u00fchlt sich angenehm an und ist weich (mit F\u00fcllung und Grunrohr). Einfach zu s\u00e4ubern. Hat eine Schweinchenk\u00f6rperform und Gummimaterial, kann ein wenig federnd sein. Jedes Spielzeug kann grunzen, wenn Sie es dr\u00fccken, Schweineger\u00e4usche imitieren. Diese Spielzeuge eignen sich gut zum Spielen drau\u00dfen und zu Hause. Sie k\u00f6nnen Apportieren spielen oder einfach Ihren Hund zum unabh\u00e4ngigen Spielen verlassen. Ihr Hund kann es kauen und dr\u00fccken und kann den ganzen Tag besch\u00e4ftigt und gl\u00fccklich sein.<\/p>\n<\/div>\n<\/div>\n<div id=\"productOverview_feature_div\" class=\"feature\" data-feature-name=\"productOverview\" data-cel-widget=\"productOverview_feature_div\"><\/div>\n<div id=\"globalStoreInfoBullets_feature_div\" class=\"feature\" data-feature-name=\"globalStoreInfoBullets\" data-cel-widget=\"globalStoreInfoBullets_feature_div\"><\/div>\n<div id=\"amazonGlobal_feature_div\" class=\"feature\" data-feature-name=\"amazonGlobal\" data-cel-widget=\"amazonGlobal_feature_div\"><\/div>\n<div id=\"HLCXComparisonJumplink_feature_div\"><\/div>","protected":false},"excerpt":{"rendered":"<p><a href=\"https:\/\/www.chiwava.com\/de\/markenshop\/\"><img loading=\"lazy\" decoding=\"async\" class=\"alignnone size-medium wp-image-94\" src=\"https:\/\/www.chiwava.com\/wp-content\/uploads\/2019\/06\/Amazon-300x73.png\" alt=\"\" width=\"300\" height=\"73\" srcset=\"https:\/\/www.chiwava.com\/wp-content\/uploads\/2019\/06\/Amazon-300x73.png 300w, https:\/\/www.chiwava.com\/wp-content\/uploads\/2019\/06\/Amazon.png 364w\" sizes=\"auto, (max-width: 300px) 100vw, 300px\" \/><\/a><br \/>\nChiwava 2 Pack 6.5\u2033 Medium Pig Dog Toy f\u00fcr interaktive Hunde Latex Rubber Cube Squeeze Grunting Sound Play<\/p>\n<hr \/>\n<p>\u2764 Hergestellt aus ungiftigem Latexkautschuk, Erkennungskriterium EU CE EN71 (Spielzeug)<\/p>\n<p>\u2764 Weich, Squeeze Grunts Sound, gef\u00fcllter Pl\u00fcsch<\/p>\n<p>\u2764 Interaktives Kauger\u00e4usch f\u00fcr Hunde und Apportieren im Freien<\/p>\n<p>\u2764 Schweineform, Paket: 2 St\u00fcck pro Netzbeutel; Gewicht: 180 g.<\/p>\n<p>\u2764 Geeignet f\u00fcr mittelgro\u00dfe Hunde \u2013 11~30kg (24~66lb) \u2026 <span class=\"more-button\"><a href=\"https:\/\/www.chiwava.com\/de\/produkt\/dtl00019-yb-2pcs\/\" class=\"more-link\">Fortsetzen<span class=\"screen-reader-text\">Chiwava 2er-Pack 6,5 Zoll mittelgro\u00dfes Schweine-Hundespielzeug<\/span><\/a><\/span><\/p>","protected":false},"featured_media":1232,"template":"","meta":[],"product_brand":[],"product_cat":[16,286,15],"product_tag":[28,21,26,27],"class_list":{"0":"post-104","1":"product","2":"type-product","3":"status-publish","4":"has-post-thumbnail","6":"product_cat-dog_toys","7":"product_cat-latex-dog-toys","8":"product_cat-pet_toys","9":"product_tag-grunt-dog-toys","10":"product_tag-latex-dog-toys","11":"product_tag-medium-dog-toys","12":"product_tag-pig-dog-toys","14":"first","15":"instock","16":"shipping-taxable","17":"product-type-simple"},"_links":{"self":[{"href":"https:\/\/www.chiwava.com\/de\/wp-json\/wp\/v2\/product\/104","targetHints":{"allow":["GET"]}}],"collection":[{"href":"https:\/\/www.chiwava.com\/de\/wp-json\/wp\/v2\/product"}],"about":[{"href":"https:\/\/www.chiwava.com\/de\/wp-json\/wp\/v2\/types\/product"}],"wp:featuredmedia":[{"embeddable":true,"href":"https:\/\/www.chiwava.com\/de\/wp-json\/wp\/v2\/media\/1232"}],"wp:attachment":[{"href":"https:\/\/www.chiwava.com\/de\/wp-json\/wp\/v2\/media?parent=104"}],"wp:term":[{"taxonomy":"product_brand","embeddable":true,"href":"https:\/\/www.chiwava.com\/de\/wp-json\/wp\/v2\/product_brand?post=104"},{"taxonomy":"product_cat","embeddable":true,"href":"https:\/\/www.chiwava.com\/de\/wp-json\/wp\/v2\/product_cat?post=104"},{"taxonomy":"product_tag","embeddable":true,"href":"https:\/\/www.chiwava.com\/de\/wp-json\/wp\/v2\/product_tag?post=104"}],"curies":[{"name":"wp","href":"https:\/\/api.w.org\/{rel}","templated":true}]}}