{"id":59,"date":"2019-06-24T03:11:57","date_gmt":"2019-06-24T03:11:57","guid":{"rendered":"http:\/\/pending.chiwava.com\/?page_id=59"},"modified":"2025-05-26T06:19:55","modified_gmt":"2025-05-26T06:19:55","slug":"uber-uns","status":"publish","type":"page","link":"https:\/\/www.chiwava.com\/de\/uber-uns\/","title":{"rendered":"\u00dcber uns"},"content":{"rendered":"<pre class=\"wp-block-preformatted\"><em>Chiwava\u2122\ufe0f ist eine Spielzeugmarke f\u00fcr Haustiere. Wir entwerfen und verkaufen quietschende Hundespielzeuge aus Latexkautschuk, Katzenspielzeugm\u00e4use, Katzenspielzeugb\u00e4lle usw.<\/em><\/pre>\n\n\n\n<figure class=\"wp-block-image\"><img loading=\"lazy\" decoding=\"async\" width=\"1920\" height=\"663\" src=\"https:\/\/www.chiwava.com\/wp-content\/uploads\/2019\/06\/lele.jpg\" alt=\"\" class=\"wp-image-393\" srcset=\"https:\/\/www.chiwava.com\/wp-content\/uploads\/2019\/06\/lele.jpg 1920w, https:\/\/www.chiwava.com\/wp-content\/uploads\/2019\/06\/lele-600x207.jpg 600w, https:\/\/www.chiwava.com\/wp-content\/uploads\/2019\/06\/lele-300x104.jpg 300w, https:\/\/www.chiwava.com\/wp-content\/uploads\/2019\/06\/lele-768x265.jpg 768w, https:\/\/www.chiwava.com\/wp-content\/uploads\/2019\/06\/lele-1024x354.jpg 1024w\" sizes=\"auto, (max-width: 1920px) 100vw, 1920px\" \/><figcaption class=\"wp-element-caption\">Chiwava\u2122\ufe0f \u2014- N\u00e4her mit Haustieren<\/figcaption><\/figure>\n\n\n\n<div class=\"wp-block-columns has-2-columns is-layout-flex wp-container-core-columns-is-layout-9d6595d7 wp-block-columns-is-layout-flex\">\n<div class=\"wp-block-column is-layout-flow wp-block-column-is-layout-flow\"><div class=\"wp-block-image\">\n<figure class=\"aligncenter\"><a href=\"https:\/\/www.chiwava.com\/de\/markenshop\/\"><img loading=\"lazy\" decoding=\"async\" width=\"364\" height=\"89\" src=\"https:\/\/www.chiwava.com\/wp-content\/uploads\/2019\/06\/Amazon.png\" alt=\"\" class=\"wp-image-94\" srcset=\"https:\/\/www.chiwava.com\/wp-content\/uploads\/2019\/06\/Amazon.png 364w, https:\/\/www.chiwava.com\/wp-content\/uploads\/2019\/06\/Amazon-300x73.png 300w\" sizes=\"auto, (max-width: 364px) 100vw, 364px\" \/><\/a><figcaption class=\"wp-element-caption\">Amazon Marken-Shop<\/figcaption><\/figure>\n<\/div><\/div>\n\n\n\n<div class=\"wp-block-column is-layout-flow wp-block-column-is-layout-flow\">\n<p>Chiwava\u2122 ist eine vertrauensw\u00fcrdige Marke f\u00fcr Haustierspielzeug mit \u00fcber 10 Jahren Erfahrung auf Amazon.<br>Wir haben uns auf die Entwicklung und den Verkauf von quietschenden Hundespielzeugen aus Latexgummi, Katzenspielzeugm\u00e4usen, Katzenspielzeugb\u00e4llen und vielem mehr spezialisiert - lustige und sichere Spielzeuge, die Haustieren Freude machen und Tierhaltern ein gutes Gef\u00fchl geben.<\/p>\n<\/div>\n<\/div>\n\n\n\n<div class=\"wp-block-columns has-2-columns is-layout-flex wp-container-core-columns-is-layout-9d6595d7 wp-block-columns-is-layout-flex\">\n<div class=\"wp-block-column is-layout-flow wp-block-column-is-layout-flow\">\n<p>Unsere Produkte sind in unseren offiziellen Amazon-Markengesch\u00e4ften in den Vereinigten Staaten, dem Vereinigten K\u00f6nigreich, Deutschland, Frankreich, Kanada und Japan erh\u00e4ltlich.<br>Genie\u00dfen Sie die Schnelligkeit und den Komfort der weltweiten Amazon Prime-Lieferung.<\/p>\n<\/div>\n\n\n\n<div class=\"wp-block-column is-layout-flow wp-block-column-is-layout-flow\">\n<p>Wir von Chiwava\u2122 haben uns verpflichtet, Spielzeug herzustellen, das sicher, langlebig und umweltfreundlich ist - denn Ihr vierbeiniger Freund hat nichts anderes verdient.<br>Als stolze \"alte Amazon-Marke\" bringen wir seit mehr als einem Jahrzehnt Schwanzwedeln und Schnurren in die H\u00e4user auf der ganzen Welt.<\/p>\n<\/div>\n<\/div>\n\n\n\n<div class=\"wp-block-button is-style-default aligncenter\"><a class=\"wp-block-button__link wp-element-button\" href=\"https:\/\/www.chiwava.com\/de\/kontaktieren-sie-uns\/\">Kontaktieren Sie uns, um mehr zu erfahren<\/a><\/div>","protected":false},"excerpt":{"rendered":"<p>Chiwava\u2122\ufe0f ist eine Marke f\u00fcr Haustierspielzeug. Wir entwerfen und verkaufen quietschende Hundespielzeuge aus Latexgummi, Katzenspielzeugm\u00e4use, Katzenspielzeugb\u00e4lle usw. Chiwava\u2122 ist eine vertrauensw\u00fcrdige Haustierspielzeugmarke mit \u00fcber 10 Jahren Erfahrung.<span class=\"more-button\"><a href=\"https:\/\/www.chiwava.com\/de\/uber-uns\/\" class=\"more-link\">Fortsetzen<span class=\"screen-reader-text\">\u00dcber uns<\/span><\/a><\/span><\/p>","protected":false},"author":1,"featured_media":0,"parent":0,"menu_order":0,"comment_status":"closed","ping_status":"closed","template":"","meta":{"footnotes":""},"class_list":["post-59","page","type-page","status-publish","hentry"],"_links":{"self":[{"href":"https:\/\/www.chiwava.com\/de\/wp-json\/wp\/v2\/pages\/59","targetHints":{"allow":["GET"]}}],"collection":[{"href":"https:\/\/www.chiwava.com\/de\/wp-json\/wp\/v2\/pages"}],"about":[{"href":"https:\/\/www.chiwava.com\/de\/wp-json\/wp\/v2\/types\/page"}],"author":[{"embeddable":true,"href":"https:\/\/www.chiwava.com\/de\/wp-json\/wp\/v2\/users\/1"}],"replies":[{"embeddable":true,"href":"https:\/\/www.chiwava.com\/de\/wp-json\/wp\/v2\/comments?post=59"}],"version-history":[{"count":14,"href":"https:\/\/www.chiwava.com\/de\/wp-json\/wp\/v2\/pages\/59\/revisions"}],"predecessor-version":[{"id":78053,"href":"https:\/\/www.chiwava.com\/de\/wp-json\/wp\/v2\/pages\/59\/revisions\/78053"}],"wp:attachment":[{"href":"https:\/\/www.chiwava.com\/de\/wp-json\/wp\/v2\/media?parent=59"}],"curies":[{"name":"wp","href":"https:\/\/api.w.org\/{rel}","templated":true}]}}